{"id":1749,"date":"2026-03-11T09:47:54","date_gmt":"2026-03-11T09:47:54","guid":{"rendered":"https:\/\/shutterexpert.nl\/exterieur\/terrasoverkappingen\/aneas\/"},"modified":"2026-04-22T13:11:03","modified_gmt":"2026-04-22T13:11:03","slug":"aneas","status":"publish","type":"page","link":"https:\/\/shutterexpert.nl\/es\/exterieur\/terrasoverkappingen\/aneas\/","title":{"rendered":"Aneas"},"content":{"rendered":"\n<h2 class=\"wp-block-heading\">DESCUBRE LAS ANEAS DE SAXUN<\/h2>\n\n\n\n<p>Buscas una preciosa cubierta para una terraza grande? Entonces, Aneas, de la marca espa\u00f1ola Saxun, podr\u00eda ser la soluci\u00f3n ideal para ti. Esta cubierta cuenta con soportes que permiten instalarla tanto en superficies verticales como horizontales.<\/p>\n\n\n\n<h2 class=\"wp-block-heading\">LA APLICACI\u00d3N DE LA ANEAS<\/h2>\n\n\n\n<p>El sistema Aneas se puede instalar de diversas formas. Por ejemplo, permite la instalaci\u00f3n entre paredes y se puede elegir entre un modelo con o sin rieles. La gran variedad de opciones y el tama\u00f1o de la cubierta para terrazas hacen que el sistema Aneas sea ideal para empresas y restaurantes. Con su impresionante dise\u00f1o, aporta un aspecto elegante a cualquier terraza.<\/p>\n\n\n\n<h2 class=\"wp-block-heading\">DIVERSAS DIMENSIONES DE LAS ANEAS<\/h2>\n\n\n\n<p>Este modelo de Saxun se ajusta totalmente a tus necesidades? Te gustar\u00eda saber m\u00e1s sobre las posibilidades que ofrece? Entonces, ac\u00e9rcate a la sala de exposici\u00f3n de De Louvre Specialist y descubre las diferentes opciones disponibles. El modelo Aneas est\u00e1 disponible en varios tama\u00f1os. As\u00ed, puedes elegir entre la variante de 80\u00d780 y la de 125\u00d7125. Adem\u00e1s, existen diferentes opciones de instalaci\u00f3n.<\/p>\n\n\n\n<h2 class=\"wp-block-heading\">PIDE CITA<\/h2>\n\n\n\n<p>Quieres saber m\u00e1s sobre las diferentes versiones de este modelo? Ponte en contacto con Shutter Expert y cu\u00e9ntanos cu\u00e1les son tus necesidades. Estaremos encantados de concertar una cita contigo para una consulta sin compromiso.<\/p>\n","protected":false},"excerpt":{"rendered":"<p>DESCUBRE LAS ANEAS DE SAXUN Buscas una preciosa cubierta para una terraza grande? Entonces, Aneas, de la marca espa\u00f1ola Saxun, podr\u00eda ser la soluci\u00f3n ideal para ti. Esta cubierta cuenta con soportes que permiten instalarla tanto en superficies verticales como horizontales. LA APLICACI\u00d3N DE LA ANEAS El sistema Aneas se puede instalar de diversas formas. [&hellip;]<\/p>\n","protected":false},"author":1,"featured_media":1707,"parent":1743,"menu_order":30,"comment_status":"closed","ping_status":"closed","template":"product-page.php","meta":{"_acf_changed":false,"footnotes":""},"class_list":["post-1749","page","type-page","status-publish","has-post-thumbnail","hentry"],"acf":[],"aioseo_notices":[],"_links":{"self":[{"href":"https:\/\/shutterexpert.nl\/es\/wp-json\/wp\/v2\/pages\/1749","targetHints":{"allow":["GET"]}}],"collection":[{"href":"https:\/\/shutterexpert.nl\/es\/wp-json\/wp\/v2\/pages"}],"about":[{"href":"https:\/\/shutterexpert.nl\/es\/wp-json\/wp\/v2\/types\/page"}],"author":[{"embeddable":true,"href":"https:\/\/shutterexpert.nl\/es\/wp-json\/wp\/v2\/users\/1"}],"replies":[{"embeddable":true,"href":"https:\/\/shutterexpert.nl\/es\/wp-json\/wp\/v2\/comments?post=1749"}],"version-history":[{"count":2,"href":"https:\/\/shutterexpert.nl\/es\/wp-json\/wp\/v2\/pages\/1749\/revisions"}],"predecessor-version":[{"id":1816,"href":"https:\/\/shutterexpert.nl\/es\/wp-json\/wp\/v2\/pages\/1749\/revisions\/1816"}],"up":[{"embeddable":true,"href":"https:\/\/shutterexpert.nl\/es\/wp-json\/wp\/v2\/pages\/1743"}],"wp:featuredmedia":[{"embeddable":true,"href":"https:\/\/shutterexpert.nl\/es\/wp-json\/wp\/v2\/media\/1707"}],"wp:attachment":[{"href":"https:\/\/shutterexpert.nl\/es\/wp-json\/wp\/v2\/media?parent=1749"}],"curies":[{"name":"wp","href":"https:\/\/api.w.org\/{rel}","templated":true}]}}