{"id":1747,"date":"2026-03-11T09:47:05","date_gmt":"2026-03-11T09:47:05","guid":{"rendered":"https:\/\/shutterexpert.nl\/exterieur\/terrasoverkappingen\/fulvia\/"},"modified":"2026-04-22T11:37:13","modified_gmt":"2026-04-22T11:37:13","slug":"fulvia","status":"publish","type":"page","link":"https:\/\/shutterexpert.nl\/es\/exterieur\/terrasoverkappingen\/fulvia\/","title":{"rendered":"Fulvia"},"content":{"rendered":"\n<h2 class=\"wp-block-heading\">LA P\u00c9RGOLA FULVIA<\/h2>\n\n\n\n<p>Descubre el modelo Fulvia de la marca espa\u00f1ola Saxun. La p\u00e9rgola Fulvia es un sistema de protecci\u00f3n solar dise\u00f1ado especialmente para ofrecer protecci\u00f3n contra el sol y la lluvia durante todo el a\u00f1o. Una soluci\u00f3n ideal tanto para viviendas como para restaurantes y hoteles.<\/p>\n\n\n\n<h2 class=\"wp-block-heading\">DISE\u00d1O MODULAR Y DIN\u00c1MICO<\/h2>\n\n\n\n<p>La Fulvia se caracteriza por su dise\u00f1o modular y din\u00e1mico, en el que predominan las l\u00edneas rectas. Por ello, es posible adaptar la p\u00e9rgola a cualquier tipo de jard\u00edn o terraza. De este modo, se pueden ampliar f\u00e1cilmente los espacios y se consigue mayor comodidad y una elegancia infinita.<\/p>\n\n\n\n<h2 class=\"wp-block-heading\">EN BUSCA DE LOS ESPACIOS M\u00c1S EFICIENTES<\/h2>\n\n\n\n<p>En Shutter Expert encontrar\u00e1s una amplia variedad de sistemas de protecci\u00f3n solar para exteriores. As\u00ed, hay una soluci\u00f3n adecuada para cada terraza dom\u00e9stica o comercial. De este modo, podr\u00e1s adaptarte f\u00e1cilmente a las necesidades de los usuarios, a la eficiencia energ\u00e9tica del espacio y a la rentabilidad de la empresa.<\/p>\n\n\n\n<p>Saxun ofrece dise\u00f1os sofisticados y una amplia gama de colores y tejidos. Adem\u00e1s, es posible convertir todos los sistemas en inteligentes. En resumen, todo lo que necesitas en materia de est\u00e9tica y comodidad para tu hogar o negocio.<\/p>\n\n\n\n<h2 class=\"wp-block-heading\">CONT\u00c1CTANOS<\/h2>\n\n\n\n<p>Es Fulvia la soluci\u00f3n ideal para tu hogar o tu negocio? \u00bfNecesitas m\u00e1s informaci\u00f3n sobre este modelo? Ponte en contacto con Shutter Expert y cu\u00e9ntanos cu\u00e1les son tus necesidades. Estaremos encantados de concertar una cita contigo para una consulta sin compromiso.<br><br>Si deseas obtener m\u00e1s informaci\u00f3n ahora mismo, consulta a continuaci\u00f3n el folleto detallado.I<\/p>\n\n\n\n<p><\/p>\n","protected":false},"excerpt":{"rendered":"<p>LA P\u00c9RGOLA FULVIA Descubre el modelo Fulvia de la marca espa\u00f1ola Saxun. La p\u00e9rgola Fulvia es un sistema de protecci\u00f3n solar dise\u00f1ado especialmente para ofrecer protecci\u00f3n contra el sol y la lluvia durante todo el a\u00f1o. Una soluci\u00f3n ideal tanto para viviendas como para restaurantes y hoteles. DISE\u00d1O MODULAR Y DIN\u00c1MICO La Fulvia se caracteriza [&hellip;]<\/p>\n","protected":false},"author":1,"featured_media":1669,"parent":1743,"menu_order":20,"comment_status":"closed","ping_status":"closed","template":"product-page.php","meta":{"_acf_changed":false,"footnotes":""},"class_list":["post-1747","page","type-page","status-publish","has-post-thumbnail","hentry"],"acf":[],"aioseo_notices":[],"_links":{"self":[{"href":"https:\/\/shutterexpert.nl\/es\/wp-json\/wp\/v2\/pages\/1747","targetHints":{"allow":["GET"]}}],"collection":[{"href":"https:\/\/shutterexpert.nl\/es\/wp-json\/wp\/v2\/pages"}],"about":[{"href":"https:\/\/shutterexpert.nl\/es\/wp-json\/wp\/v2\/types\/page"}],"author":[{"embeddable":true,"href":"https:\/\/shutterexpert.nl\/es\/wp-json\/wp\/v2\/users\/1"}],"replies":[{"embeddable":true,"href":"https:\/\/shutterexpert.nl\/es\/wp-json\/wp\/v2\/comments?post=1747"}],"version-history":[{"count":2,"href":"https:\/\/shutterexpert.nl\/es\/wp-json\/wp\/v2\/pages\/1747\/revisions"}],"predecessor-version":[{"id":1814,"href":"https:\/\/shutterexpert.nl\/es\/wp-json\/wp\/v2\/pages\/1747\/revisions\/1814"}],"up":[{"embeddable":true,"href":"https:\/\/shutterexpert.nl\/es\/wp-json\/wp\/v2\/pages\/1743"}],"wp:featuredmedia":[{"embeddable":true,"href":"https:\/\/shutterexpert.nl\/es\/wp-json\/wp\/v2\/media\/1669"}],"wp:attachment":[{"href":"https:\/\/shutterexpert.nl\/es\/wp-json\/wp\/v2\/media?parent=1747"}],"curies":[{"name":"wp","href":"https:\/\/api.w.org\/{rel}","templated":true}]}}