{"id":1745,"date":"2026-03-11T09:45:32","date_gmt":"2026-03-11T09:45:32","guid":{"rendered":"https:\/\/shutterexpert.nl\/exterieur\/terrasoverkappingen\/bioklimatische-pergola\/"},"modified":"2026-04-22T11:30:31","modified_gmt":"2026-04-22T11:30:31","slug":"bioklimatische-pergola","status":"publish","type":"page","link":"https:\/\/shutterexpert.nl\/es\/exterieur\/terrasoverkappingen\/bioklimatische-pergola\/","title":{"rendered":"P\u00e9rgola bioclim\u00e1tica"},"content":{"rendered":"\n<p>Bienvenido al mundo de las p\u00e9rgolas bioclim\u00e1ticas, donde el interior y el exterior se funden en un todo armonioso! Descubre c\u00f3mo nuestros techos de lamas ofrecen la soluci\u00f3n perfecta para tu espacio exterior, para que puedas disfrutar de comodidad y lujo durante todo el a\u00f1o. Haz clic aqu\u00ed para obtener m\u00e1s informaci\u00f3n!<\/p>\n\n\n\n<h2 class=\"wp-block-heading\">DISFRUTA DE UNA CUBIERTA DE LAMINAS COMO TOLDILLO<\/h2>\n\n\n\n<p>Quieres crear un espacio exterior \u00fanico y flexible en tu jard\u00edn o terraza? Entonces te ofrecemos la soluci\u00f3n perfecta: la p\u00e9rgola bioclim\u00e1tica. Esta innovadora y exclusiva cubierta para terrazas protege contra las inclemencias del tiempo durante todo el a\u00f1o y cuenta con ventilaci\u00f3n natural para garantizar un clima \u00f3ptimo.<\/p>\n\n\n\n<p>Su dise\u00f1o minimalista no solo es sumamente eficaz, sino que te permite disfrutar de la vida al aire libre con estilo.<\/p>\n\n\n\n<h2 class=\"wp-block-heading\">POR QU\u00c9 ELEGIR UNA P\u00c9RGOLA BIOCLIM\u00c1TICA?<\/h2>\n\n\n\n<p>Con una p\u00e9rgola de lamas para terraza puedes jugar con la luz del sol y la sombra. Gracias a las lamas regulables el\u00e9ctricamente, tienes total libertad para controlar la entrada de luz y la temperatura en tu terraza. Adem\u00e1s, las lamas proporcionan una ventilaci\u00f3n natural para mantener el frescor bajo la p\u00e9rgola. Cuando las lamas est\u00e1n inclinadas, protegen del sol, pero permiten que el calor se escape por debajo de la p\u00e9rgola.<br><br>Incluso en las estaciones en las que el sol no brilla tanto, podr\u00e1s disfrutar plenamente de la vida al aire libre con nuestra p\u00e9rgola bioclim\u00e1tica. Gracias al sistema impermeable y a todos los accesorios, como calefactores, sistema de sonido Bluetooth, iluminaci\u00f3n LED, paredes de cristal, persianas de aluminio, etc., tendr\u00e1s garantizado un espacio adicional del que podr\u00e1s disfrutar incluso en los d\u00edas fr\u00edos.<\/p>\n\n\n\n<p><\/p>\n","protected":false},"excerpt":{"rendered":"<p>Bienvenido al mundo de las p\u00e9rgolas bioclim\u00e1ticas, donde el interior y el exterior se funden en un todo armonioso! Descubre c\u00f3mo nuestros techos de lamas ofrecen la soluci\u00f3n perfecta para tu espacio exterior, para que puedas disfrutar de comodidad y lujo durante todo el a\u00f1o. Haz clic aqu\u00ed para obtener m\u00e1s informaci\u00f3n! DISFRUTA DE UNA [&hellip;]<\/p>\n","protected":false},"author":1,"featured_media":1632,"parent":1743,"menu_order":10,"comment_status":"closed","ping_status":"closed","template":"product-page.php","meta":{"_acf_changed":false,"footnotes":""},"class_list":["post-1745","page","type-page","status-publish","has-post-thumbnail","hentry"],"acf":[],"aioseo_notices":[],"_links":{"self":[{"href":"https:\/\/shutterexpert.nl\/es\/wp-json\/wp\/v2\/pages\/1745","targetHints":{"allow":["GET"]}}],"collection":[{"href":"https:\/\/shutterexpert.nl\/es\/wp-json\/wp\/v2\/pages"}],"about":[{"href":"https:\/\/shutterexpert.nl\/es\/wp-json\/wp\/v2\/types\/page"}],"author":[{"embeddable":true,"href":"https:\/\/shutterexpert.nl\/es\/wp-json\/wp\/v2\/users\/1"}],"replies":[{"embeddable":true,"href":"https:\/\/shutterexpert.nl\/es\/wp-json\/wp\/v2\/comments?post=1745"}],"version-history":[{"count":2,"href":"https:\/\/shutterexpert.nl\/es\/wp-json\/wp\/v2\/pages\/1745\/revisions"}],"predecessor-version":[{"id":1812,"href":"https:\/\/shutterexpert.nl\/es\/wp-json\/wp\/v2\/pages\/1745\/revisions\/1812"}],"up":[{"embeddable":true,"href":"https:\/\/shutterexpert.nl\/es\/wp-json\/wp\/v2\/pages\/1743"}],"wp:featuredmedia":[{"embeddable":true,"href":"https:\/\/shutterexpert.nl\/es\/wp-json\/wp\/v2\/media\/1632"}],"wp:attachment":[{"href":"https:\/\/shutterexpert.nl\/es\/wp-json\/wp\/v2\/media?parent=1745"}],"curies":[{"name":"wp","href":"https:\/\/api.w.org\/{rel}","templated":true}]}}