{"id":1743,"date":"2026-01-12T14:38:11","date_gmt":"2026-01-12T14:38:11","guid":{"rendered":"https:\/\/shutterexpert.nl\/exterieur\/terrasoverkappingen\/"},"modified":"2026-04-22T11:23:05","modified_gmt":"2026-04-22T11:23:05","slug":"terrasoverkappingen","status":"publish","type":"page","link":"https:\/\/shutterexpert.nl\/es\/exterieur\/terrasoverkappingen\/","title":{"rendered":"Cubierta de patio"},"content":{"rendered":"\n<h2 class=\"wp-block-heading\">DESCUBRE NUESTRAS EXCLUSIVAS P\u00c9RTEGAS DE ALUMINIO PARA TERRAZAS<\/h2>\n\n\n\n<p>En Shutter Expert ofrecemos una amplia gama de exclusivas cubiertas de aluminio para terrazas, entre las que se incluye nuestra innovadora p\u00e9rgola bioclim\u00e1tica. Nos enorgullece presentar nuestra colecci\u00f3n de alta calidad, dise\u00f1ada prestando especial atenci\u00f3n a los detalles y a la funcionalidad. Nuestras cubiertas de aluminio ofrecen una soluci\u00f3n duradera para crear un agradable espacio exterior del que podr\u00e1s disfrutar durante todo el a\u00f1o.<\/p>\n\n\n\n<h2 class=\"wp-block-heading\">VENTAJAS DEL ALUMINIO FRENTE A LA MADERA<\/h2>\n\n\n\n<p>Nuestras p\u00e9rgolas de aluminio ofrecen una serie de ventajas con respecto a las p\u00e9rgolas tradicionales de madera. El aluminio es un material naturalmente duradero, resistente a la oxidaci\u00f3n y que requiere un mantenimiento m\u00ednimo. Este material resiste condiciones clim\u00e1ticas extremas y conserva sus propiedades est\u00e9ticas durante muchos a\u00f1os. Con el aluminio, disfrutar\u00e1s de una inversi\u00f3n duradera que es superior a la madera tanto en funcionalidad como en est\u00e9tica.<\/p>\n\n\n\n<h2 class=\"wp-block-heading\">POR QU\u00c9 ELEGIR UNA COBERTURA DE ALUMINIO?<\/h2>\n\n\n\n<p>Con nuestras marquesinas de aluminio para terrazas, disfrutar\u00e1s de la combinaci\u00f3n perfecta entre funcionalidad y est\u00e9tica. Este material duradero garantiza una inversi\u00f3n a largo plazo, mientras que su dise\u00f1o moderno aporta un toque contempor\u00e1neo a tu hogar. Elige una cubierta de aluminio si buscas un complemento para tu espacio exterior que sea f\u00e1cil de mantener, resistente a la intemperie y elegante. Con Shutter Expert disfrutar\u00e1s de un servicio excelente, productos de alta calidad y una experiencia al aire libre sin igual.<\/p>\n\n\n\n<h2 class=\"wp-block-heading\">EL COMPLEMENTO IDEAL PARA HOTELES, RESTAURANTES Y BARES<\/h2>\n\n\n\n<p>Nuestras marquesinas de aluminio para terrazas son el complemento ideal para hoteles, restaurantes y bares que desean ampliar y mejorar sus espacios al aire libre. Al permitir crear un entorno exterior c\u00f3modo y acogedor, estas marquesinas pueden mejorar la experiencia general de los clientes y ofrecer un ambiente atractivo para cenas, eventos y momentos de relax al aire libre. Deja que tus clientes disfruten de un entorno acogedor, protegidos de las inclemencias del tiempo, mientras saborean deliciosos platos, bebidas refrescantes y disfrutan de agradables encuentros, todo ello bajo el cobijo de nuestras marquesinas de alta calidad y elegantes.<\/p>\n\n\n\n<h2 class=\"wp-block-heading\">M\u00c1XIMA CALIDAD, ATENCI\u00d3N PERSONALIZADA Y ENTREGA R\u00c1PIDA<\/h2>\n\n\n\n<p>En Shutter Expert nos esforzamos por ofrecer a nuestros clientes \u00fanicamente productos de la m\u00e1s alta calidad. Nuestro equipo destaca por brindar un trato personalizado excelente y una comunicaci\u00f3n fluida durante todo el proceso. Con un plazo de entrega r\u00e1pido de tan solo 4 a 6 semanas, hacemos realidad r\u00e1pidamente la cubierta de tus sue\u00f1os, para que puedas disfrutar sin demora de tu espacio exterior renovado.<\/p>\n\n\n\n<p>TIPOS DE CUBIERTAS PARA TERRAZAS:<\/p>\n\n\n\n<p><\/p>\n","protected":false},"excerpt":{"rendered":"<p>DESCUBRE NUESTRAS EXCLUSIVAS P\u00c9RTEGAS DE ALUMINIO PARA TERRAZAS En Shutter Expert ofrecemos una amplia gama de exclusivas cubiertas de aluminio para terrazas, entre las que se incluye nuestra innovadora p\u00e9rgola bioclim\u00e1tica. Nos enorgullece presentar nuestra colecci\u00f3n de alta calidad, dise\u00f1ada prestando especial atenci\u00f3n a los detalles y a la funcionalidad. Nuestras cubiertas de aluminio ofrecen [&hellip;]<\/p>\n","protected":false},"author":1,"featured_media":1808,"parent":1738,"menu_order":20,"comment_status":"closed","ping_status":"closed","template":"categorie-page.php","meta":{"_acf_changed":false,"footnotes":""},"class_list":["post-1743","page","type-page","status-publish","has-post-thumbnail","hentry"],"acf":[],"aioseo_notices":[],"_links":{"self":[{"href":"https:\/\/shutterexpert.nl\/es\/wp-json\/wp\/v2\/pages\/1743","targetHints":{"allow":["GET"]}}],"collection":[{"href":"https:\/\/shutterexpert.nl\/es\/wp-json\/wp\/v2\/pages"}],"about":[{"href":"https:\/\/shutterexpert.nl\/es\/wp-json\/wp\/v2\/types\/page"}],"author":[{"embeddable":true,"href":"https:\/\/shutterexpert.nl\/es\/wp-json\/wp\/v2\/users\/1"}],"replies":[{"embeddable":true,"href":"https:\/\/shutterexpert.nl\/es\/wp-json\/wp\/v2\/comments?post=1743"}],"version-history":[{"count":2,"href":"https:\/\/shutterexpert.nl\/es\/wp-json\/wp\/v2\/pages\/1743\/revisions"}],"predecessor-version":[{"id":1810,"href":"https:\/\/shutterexpert.nl\/es\/wp-json\/wp\/v2\/pages\/1743\/revisions\/1810"}],"up":[{"embeddable":true,"href":"https:\/\/shutterexpert.nl\/es\/wp-json\/wp\/v2\/pages\/1738"}],"wp:featuredmedia":[{"embeddable":true,"href":"https:\/\/shutterexpert.nl\/es\/wp-json\/wp\/v2\/media\/1808"}],"wp:attachment":[{"href":"https:\/\/shutterexpert.nl\/es\/wp-json\/wp\/v2\/media?parent=1743"}],"curies":[{"name":"wp","href":"https:\/\/api.w.org\/{rel}","templated":true}]}}