{"id":1741,"date":"2026-01-12T14:37:22","date_gmt":"2026-01-12T14:37:22","guid":{"rendered":"https:\/\/shutterexpert.nl\/exterieur\/aluminium-buiten-shutters\/"},"modified":"2026-04-21T10:36:28","modified_gmt":"2026-04-21T10:36:28","slug":"aluminium-buiten-shutters","status":"publish","type":"page","link":"https:\/\/shutterexpert.nl\/es\/exterieur\/aluminium-buiten-shutters\/","title":{"rendered":"Persianas exteriores de aluminio"},"content":{"rendered":"\n<p>Quieres disfrutar de una terraza protegida durante todo el a\u00f1o? O buscas un sistema de protecci\u00f3n solar exterior elegante y duradero para tu vivienda o local comercial? Entonces, opta por los paneles de lamas de aluminio. Le dar\u00e1n a tu vivienda o local un aspecto elegante y moderno al instante.<\/p>\n\n\n\n<h2 class=\"wp-block-heading\">APLICACI\u00d3N DE PANELES DE LAMAS<\/h2>\n\n\n\n<p>Los paneles de lamas de aluminio se pueden utilizar de diversas formas. Por ejemplo, suelen instalarse en marcos de ventanas, pero tambi\u00e9n quedan muy bien en vallas de jard\u00edn o terrazas.<\/p>\n\n\n\n<p>Los paneles de lamas de aluminio de la gama de Shutter Expert tambi\u00e9n se pueden utilizar de diversas formas. Por ejemplo, se pueden instalar en terrazas grandes y otras construcciones existentes. Se fijan mediante soportes que se pueden instalar tanto en superficies verticales como horizontales. Tambi\u00e9n es posible colocarlos entre paredes. Por ello, son ideales para diferentes tipos de restaurantes y empresas.<\/p>\n\n\n\n<h2 class=\"wp-block-heading\">VENTAJAS DE LOS PANELES DE LAMAS<\/h2>\n\n\n\n<p>Los paneles de lamas destacan por su aspecto elegante y sofisticado. Convierten cualquier hogar en un lugar que llama la atenci\u00f3n. Las lamas se pueden girar 180 grados, lo que garantiza una privacidad \u00f3ptima. Adem\u00e1s, act\u00faan como protecci\u00f3n solar. Te permiten filtrar la luz natural de una forma maravillosa. Es posible cerrar completamente los paneles de lamas y as\u00ed oscurecer por completo las estancias de tu hogar. Por ello, son la combinaci\u00f3n perfecta de funcionalidad y est\u00e9tica.<\/p>\n\n\n\n<h2 class=\"wp-block-heading\">DESCUBRE LAS POSIBILIDADES <\/h2>\n\n\n\n<p>Te interesan nuestros paneles de lamas de aluminio? \u00bfY te gustar\u00eda saber m\u00e1s sobre las diferentes posibilidades de dise\u00f1o y aplicaci\u00f3n? Rellena nuestro formulario de contacto y nos pondremos en contacto contigo lo antes posible. Aqu\u00ed encontrar\u00e1s varios ejemplos que te dar\u00e1n una buena idea de las diferentes opciones. Adem\u00e1s, uno de nuestros especialistas estar\u00e1 encantado de ofrecerte un asesoramiento personalizado. Por ejemplo, puedes optar por un formato grande de 125 \u00d7 125. Este formato es especialmente adecuado para espacios amplios.<\/p>\n\n\n\n<p>Si deseas obtener m\u00e1s informaci\u00f3n, consulta a continuaci\u00f3n el folleto detallado.<\/p>\n\n\n\n<p><strong><a href=\"https:\/\/delouvrespecialist.nl\/wp-content\/uploads\/2022\/04\/Catalogo_Mallorquinas_Sanaluz_MK0101_ING_010211.pdf\">Aluminium louvrepanelen<\/a><\/strong><\/p>\n\n\n\n<h2 class=\"wp-block-heading\">INSTALACI\u00d3N PROFESIONAL<\/h2>\n\n\n\n<p>Has encontrado y elegido la protecci\u00f3n solar exterior que deseas? Entonces, uno de nuestros especialistas tomar\u00e1 las medidas. A continuaci\u00f3n, la protecci\u00f3n solar se fabrica a medida y, por \u00faltimo, se instala in situ. De esta forma, podemos garantizar un resultado perfecto. Quieres saber m\u00e1s sobre la decoraci\u00f3n de ventanas que ofrecemos o quieres concertar una cita directamente? Ponte en contacto con nosotros para una consulta sin compromiso o ac\u00e9rcate durante el horario de apertura de nuestra magn\u00edfica sala de exposici\u00f3n.<\/p>\n\n\n\n<p><\/p>\n","protected":false},"excerpt":{"rendered":"<p>Quieres disfrutar de una terraza protegida durante todo el a\u00f1o? O buscas un sistema de protecci\u00f3n solar exterior elegante y duradero para tu vivienda o local comercial? Entonces, opta por los paneles de lamas de aluminio. Le dar\u00e1n a tu vivienda o local un aspecto elegante y moderno al instante. APLICACI\u00d3N DE PANELES DE LAMAS [&hellip;]<\/p>\n","protected":false},"author":1,"featured_media":1805,"parent":1738,"menu_order":10,"comment_status":"closed","ping_status":"closed","template":"product-page.php","meta":{"_acf_changed":false,"footnotes":""},"class_list":["post-1741","page","type-page","status-publish","has-post-thumbnail","hentry"],"acf":[],"aioseo_notices":[],"_links":{"self":[{"href":"https:\/\/shutterexpert.nl\/es\/wp-json\/wp\/v2\/pages\/1741","targetHints":{"allow":["GET"]}}],"collection":[{"href":"https:\/\/shutterexpert.nl\/es\/wp-json\/wp\/v2\/pages"}],"about":[{"href":"https:\/\/shutterexpert.nl\/es\/wp-json\/wp\/v2\/types\/page"}],"author":[{"embeddable":true,"href":"https:\/\/shutterexpert.nl\/es\/wp-json\/wp\/v2\/users\/1"}],"replies":[{"embeddable":true,"href":"https:\/\/shutterexpert.nl\/es\/wp-json\/wp\/v2\/comments?post=1741"}],"version-history":[{"count":2,"href":"https:\/\/shutterexpert.nl\/es\/wp-json\/wp\/v2\/pages\/1741\/revisions"}],"predecessor-version":[{"id":1789,"href":"https:\/\/shutterexpert.nl\/es\/wp-json\/wp\/v2\/pages\/1741\/revisions\/1789"}],"up":[{"embeddable":true,"href":"https:\/\/shutterexpert.nl\/es\/wp-json\/wp\/v2\/pages\/1738"}],"wp:featuredmedia":[{"embeddable":true,"href":"https:\/\/shutterexpert.nl\/es\/wp-json\/wp\/v2\/media\/1805"}],"wp:attachment":[{"href":"https:\/\/shutterexpert.nl\/es\/wp-json\/wp\/v2\/media?parent=1741"}],"curies":[{"name":"wp","href":"https:\/\/api.w.org\/{rel}","templated":true}]}}