{"id":1738,"date":"2026-01-12T14:35:36","date_gmt":"2026-01-12T14:35:36","guid":{"rendered":"https:\/\/shutterexpert.nl\/exterieur\/"},"modified":"2026-04-21T10:29:40","modified_gmt":"2026-04-21T10:29:40","slug":"exterieur","status":"publish","type":"page","link":"https:\/\/shutterexpert.nl\/es\/exterieur\/","title":{"rendered":"Exterior"},"content":{"rendered":"\n<p>Descubre en Shutter Expert sistemas de protecci\u00f3n solar para exteriores de alta calidad que llevar\u00e1n tu vida al aire libre a otro nivel! Ya se trate de una p\u00e9rgola bioclim\u00e1tica, tambi\u00e9n conocida como techo de lamas, o de contraventanas exteriores de aluminio, ofrecemos soluciones elegantes y funcionales que completar\u00e1n tu hogar. D\u00e9jate inspirar por nuestra amplia gama y descubre la diferencia que Shutter Expert marca en tu hogar!<\/p>\n\n\n\n<p><\/p>\n","protected":false},"excerpt":{"rendered":"<p>Descubre en Shutter Expert sistemas de protecci\u00f3n solar para exteriores de alta calidad que llevar\u00e1n tu vida al aire libre a otro nivel! Ya se trate de una p\u00e9rgola bioclim\u00e1tica, tambi\u00e9n conocida como techo de lamas, o de contraventanas exteriores de aluminio, ofrecemos soluciones elegantes y funcionales que completar\u00e1n tu hogar. D\u00e9jate inspirar por nuestra [&hellip;]<\/p>\n","protected":false},"author":1,"featured_media":1799,"parent":0,"menu_order":40,"comment_status":"closed","ping_status":"closed","template":"categorie-page.php","meta":{"_acf_changed":false,"footnotes":""},"class_list":["post-1738","page","type-page","status-publish","has-post-thumbnail","hentry"],"acf":[],"aioseo_notices":[],"_links":{"self":[{"href":"https:\/\/shutterexpert.nl\/es\/wp-json\/wp\/v2\/pages\/1738","targetHints":{"allow":["GET"]}}],"collection":[{"href":"https:\/\/shutterexpert.nl\/es\/wp-json\/wp\/v2\/pages"}],"about":[{"href":"https:\/\/shutterexpert.nl\/es\/wp-json\/wp\/v2\/types\/page"}],"author":[{"embeddable":true,"href":"https:\/\/shutterexpert.nl\/es\/wp-json\/wp\/v2\/users\/1"}],"replies":[{"embeddable":true,"href":"https:\/\/shutterexpert.nl\/es\/wp-json\/wp\/v2\/comments?post=1738"}],"version-history":[{"count":2,"href":"https:\/\/shutterexpert.nl\/es\/wp-json\/wp\/v2\/pages\/1738\/revisions"}],"predecessor-version":[{"id":1787,"href":"https:\/\/shutterexpert.nl\/es\/wp-json\/wp\/v2\/pages\/1738\/revisions\/1787"}],"wp:featuredmedia":[{"embeddable":true,"href":"https:\/\/shutterexpert.nl\/es\/wp-json\/wp\/v2\/media\/1799"}],"wp:attachment":[{"href":"https:\/\/shutterexpert.nl\/es\/wp-json\/wp\/v2\/media?parent=1738"}],"curies":[{"name":"wp","href":"https:\/\/api.w.org\/{rel}","templated":true}]}}