{"id":1426,"date":"2024-02-14T11:10:37","date_gmt":"2024-02-14T11:10:37","guid":{"rendered":"https:\/\/shutterexpert.nl\/ourapproach\/"},"modified":"2025-03-31T12:38:49","modified_gmt":"2025-03-31T12:38:49","slug":"nuestro-enfoque","status":"publish","type":"page","link":"https:\/\/shutterexpert.nl\/es\/nuestro-enfoque\/","title":{"rendered":"Nuestro enfoque"},"content":{"rendered":"\n<h2 class=\"wp-block-heading has-text-align-left\">\u00bfC\u00d3MO FUNCIONA?<\/h2>\n\n\n\n<h4 class=\"wp-block-heading has-text-align-left\">TUS MALLORQUINAS O PERSIANAS PERFECTAS, PASO A PASO<\/h4>\n\n\n\n<p class=\"has-text-align-left\">En ShutterExpert, combinamos a\u00f1os de experiencia con un servicio personalizado para ayudarte a encontrar las mallorquinas o persianas venecianas ideales para tu hogar. As\u00ed es como funciona nuestro proceso:<\/p>\n\n\n\n<p class=\"has-text-align-left\"><strong>Paso 1: Cont\u00e1ctanos<\/strong><\/p>\n\n\n\n<p class=\"has-text-align-left\">Ponte en contacto con nosotros a trav\u00e9s de correo electr\u00f3nico, tel\u00e9fono o nuestro formulario online.<br>&#8211; Con esta informaci\u00f3n, crearemos un presupuesto proforma personalizado.<br>&#8211; Env\u00edanos las dimensiones de tus ventanas y algunas fotos, para que podamos comprender mejor tu espacio.<br>&#8211; \u00bfPrefieres una consulta en directo? Podemos programar una videollamada para revisar juntos las medidas y discutir tus necesidades.<\/p>\n\n\n\n<p class=\"has-text-align-left\"><strong>Paso 2: Consulta personalizada<br><\/strong><br>Una vez que apruebes el presupuesto proforma, programamos una visita a domicilio. Durante esta cita:<br>&#8211; Te mostramos muestras de productos, para que elijas los colores y acabados perfectos.<br>&#8211; Realizamos la medici\u00f3n final y precisa, asegurando un ajuste perfecto para tus mallorquinas o persianas.<\/p>\n\n\n\n<p class=\"has-text-align-left\"><strong>Paso 3: Producci\u00f3n y Personalizaci\u00f3n<\/strong><br><br>Una vez finalizada tu selecci\u00f3n, enviamos tu pedido a producci\u00f3n en JASNO.<br>Cada pieza se fabrica con precisi\u00f3n milim\u00e9trica, garantizando que las mallorquinas o persianas venecianas encajen a la perfecci\u00f3n.<\/p>\n\n\n\n<p class=\"has-text-align-left\"><strong>Paso 4: Instalaci\u00f3n Experta<\/strong><br><br>Nuestros t\u00e9cnicos especializados se encargan de todo el proceso de instalaci\u00f3n con precisi\u00f3n y cuidado.<br>&#8211; En Espa\u00f1a, el equipo de ShutterExpert gestiona la instalaci\u00f3n.<br>&#8211; En los Pa\u00edses Bajos, el equipo profesional de JASNO se encarga del montaje.<br>&#8211; No nos vamos hasta que todo est\u00e9 perfectamente instalado y terminado, para que disfrutes de tus nuevas mallorquinas o persianas venecianas sin preocupaciones.<\/p>\n\n\n\n<p class=\"has-text-align-left\"><br><\/p>\n\n\n\n<p class=\"has-text-align-left\"><\/p>\n\n\n\n<p><br><br><\/p>\n\n\n\n<p><\/p>\n\n\n\n<p><\/p>\n","protected":false},"excerpt":{"rendered":"<p>\u00bfC\u00d3MO FUNCIONA? TUS MALLORQUINAS O PERSIANAS PERFECTAS, PASO A PASO En ShutterExpert, combinamos a\u00f1os de experiencia con un servicio personalizado para ayudarte a encontrar las mallorquinas o persianas venecianas ideales para tu hogar. As\u00ed es como funciona nuestro proceso: Paso 1: Cont\u00e1ctanos Ponte en contacto con nosotros a trav\u00e9s de correo electr\u00f3nico, tel\u00e9fono o nuestro [&hellip;]<\/p>\n","protected":false},"author":1,"featured_media":1207,"parent":0,"menu_order":40,"comment_status":"closed","ping_status":"closed","template":"product-page.php","meta":{"_acf_changed":false,"footnotes":""},"class_list":["post-1426","page","type-page","status-publish","has-post-thumbnail","hentry"],"acf":[],"aioseo_notices":[],"_links":{"self":[{"href":"https:\/\/shutterexpert.nl\/es\/wp-json\/wp\/v2\/pages\/1426","targetHints":{"allow":["GET"]}}],"collection":[{"href":"https:\/\/shutterexpert.nl\/es\/wp-json\/wp\/v2\/pages"}],"about":[{"href":"https:\/\/shutterexpert.nl\/es\/wp-json\/wp\/v2\/types\/page"}],"author":[{"embeddable":true,"href":"https:\/\/shutterexpert.nl\/es\/wp-json\/wp\/v2\/users\/1"}],"replies":[{"embeddable":true,"href":"https:\/\/shutterexpert.nl\/es\/wp-json\/wp\/v2\/comments?post=1426"}],"version-history":[{"count":1,"href":"https:\/\/shutterexpert.nl\/es\/wp-json\/wp\/v2\/pages\/1426\/revisions"}],"predecessor-version":[{"id":1430,"href":"https:\/\/shutterexpert.nl\/es\/wp-json\/wp\/v2\/pages\/1426\/revisions\/1430"}],"wp:featuredmedia":[{"embeddable":true,"href":"https:\/\/shutterexpert.nl\/es\/wp-json\/wp\/v2\/media\/1207"}],"wp:attachment":[{"href":"https:\/\/shutterexpert.nl\/es\/wp-json\/wp\/v2\/media?parent=1426"}],"curies":[{"name":"wp","href":"https:\/\/api.w.org\/{rel}","templated":true}]}}