{"id":1342,"date":"2024-02-14T11:10:29","date_gmt":"2024-02-14T11:10:29","guid":{"rendered":"https:\/\/shutterexpert.nl\/blinds\/"},"modified":"2025-03-26T13:14:51","modified_gmt":"2025-03-26T13:14:51","slug":"persianas-venecianas","status":"publish","type":"page","link":"https:\/\/shutterexpert.nl\/es\/persianas-venecianas\/","title":{"rendered":"Persianas venecianas"},"content":{"rendered":"\n<h4 class=\"wp-block-heading\">Elegancia y funcionalidad atemporal<\/h4>\n\n\n\n<p>Las persianas venecianas de madera son una opci\u00f3n popular por su facilidad de uso y su estilo sofisticado. Nuestras persianas de madera JASNO combinan a la perfecci\u00f3n funcionalidad y lujo, convirti\u00e9ndose en la elecci\u00f3n ideal para cualquier estancia de tu hogar.<\/p>\n\n\n\n<p>Fabricadas con madera de Paulownia, estas persianas destacan por su estructura ligera y su sutil veta natural, aportando un toque exclusivo y refinado a tu interior. Gracias a sus cordones de control, puedes inclinar o elevar las lamas con facilidad, ajustando la entrada de luz natural y la privacidad con precisi\u00f3n.<\/p>\n\n\n\n<p>Al elegir nuestras persianas de madera de alta calidad, no solo a\u00f1ades un pr\u00e1ctico sistema de cobertura para tus ventanas, sino que tambi\u00e9n elevas tu espacio con un dise\u00f1o sofisticado y atemporal. Explora nuestra colecci\u00f3n vers\u00e1til y descubre c\u00f3mo mejorar tus ventanas con un estilo moderno y funcional.<\/p>\n\n\n\n<p><\/p>\n","protected":false},"excerpt":{"rendered":"<p>Elegancia y funcionalidad atemporal Las persianas venecianas de madera son una opci\u00f3n popular por su facilidad de uso y su estilo sofisticado. Nuestras persianas de madera JASNO combinan a la perfecci\u00f3n funcionalidad y lujo, convirti\u00e9ndose en la elecci\u00f3n ideal para cualquier estancia de tu hogar. Fabricadas con madera de Paulownia, estas persianas destacan por su [&hellip;]<\/p>\n","protected":false},"author":1,"featured_media":1343,"parent":0,"menu_order":30,"comment_status":"closed","ping_status":"closed","template":"categorie-page.php","meta":{"_acf_changed":false,"footnotes":""},"class_list":["post-1342","page","type-page","status-publish","has-post-thumbnail","hentry"],"acf":[],"aioseo_notices":[],"_links":{"self":[{"href":"https:\/\/shutterexpert.nl\/es\/wp-json\/wp\/v2\/pages\/1342","targetHints":{"allow":["GET"]}}],"collection":[{"href":"https:\/\/shutterexpert.nl\/es\/wp-json\/wp\/v2\/pages"}],"about":[{"href":"https:\/\/shutterexpert.nl\/es\/wp-json\/wp\/v2\/types\/page"}],"author":[{"embeddable":true,"href":"https:\/\/shutterexpert.nl\/es\/wp-json\/wp\/v2\/users\/1"}],"replies":[{"embeddable":true,"href":"https:\/\/shutterexpert.nl\/es\/wp-json\/wp\/v2\/comments?post=1342"}],"version-history":[{"count":1,"href":"https:\/\/shutterexpert.nl\/es\/wp-json\/wp\/v2\/pages\/1342\/revisions"}],"predecessor-version":[{"id":1345,"href":"https:\/\/shutterexpert.nl\/es\/wp-json\/wp\/v2\/pages\/1342\/revisions\/1345"}],"wp:featuredmedia":[{"embeddable":true,"href":"https:\/\/shutterexpert.nl\/es\/wp-json\/wp\/v2\/media\/1343"}],"wp:attachment":[{"href":"https:\/\/shutterexpert.nl\/es\/wp-json\/wp\/v2\/media?parent=1342"}],"curies":[{"name":"wp","href":"https:\/\/api.w.org\/{rel}","templated":true}]}}