{"id":1311,"date":"2024-02-14T11:56:14","date_gmt":"2024-02-14T11:56:14","guid":{"rendered":"https:\/\/shutterexpert.nl\/mallorquinas\/vragen-over-shutters\/"},"modified":"2025-03-26T13:02:14","modified_gmt":"2025-03-26T13:02:14","slug":"preguntas-sobre-mallorquinas","status":"publish","type":"page","link":"https:\/\/shutterexpert.nl\/es\/mallorquinas\/preguntas-sobre-mallorquinas\/","title":{"rendered":"Preguntas sobre mallorquinas?"},"content":{"rendered":"\n<h2 class=\"wp-block-heading has-text-align-left\">PREGUNTAS FRECUENTES SOBRE MALLORQUINAS<\/h2>\n\n\n\n<p class=\"has-text-align-left\"><strong><strong>\u00bfSe pueden instalar mallorquinas en ba\u00f1os?<\/strong><\/strong><br>S\u00ed. Las mallorquinas JASNO est\u00e1n dise\u00f1adas para ser resistentes a la humedad, lo que las hace ideales para ambientes h\u00famedos como ba\u00f1os, cocinas y zonas de bienestar. Cont\u00e1ctanos para conocer las mejores opciones de persianas resistentes al agua.<\/p>\n\n\n\n<p class=\"has-text-align-left\"><strong>\u00bfTienen un showroom?<br><\/strong>No, operamos completamente online y no contamos con una tienda fisica. Para solicitar un presupuesto:<br>1. Env\u00edanos las medidas y fotos de tus ventanas.<br>2. Te enviaremos un presupuesto proforma.<br>3. Si lo apruebas, realizamos una visita a domicilio para medic\u00edon final y selecci\u00f3n de colores.<\/p>\n\n\n\n<p class=\"has-text-align-left\"><strong>\u00bfC\u00f3mo puedo solicitar un presupuesto sin visitar un showroom?<\/strong><br>Puedes solicitar un presupuesto gratuito por correo electr\u00f3nico o tel\u00e9fono envi\u00e1ndonos:<br>&#8211; Las dimensiones y fotos de tus ventanas<br>&#8211; Si prefieres un servicio m\u00e1s interactivo, podemos programar una videoconsulta para evaluar tu espacio y brindarte asesoramiento experto en tiempo real.<\/p>\n\n\n\n<p class=\"has-text-align-left\"><strong>\u00bfTrabajan tanto en Espa\u00f1a como en los Pa\u00edses Bajos?<br><\/strong>S\u00ed, ofrecemos nuestros servicios en Espa\u00f1a y los Pa\u00edses Bajos.<br>&#8211; En Espa\u00f1a, realizamos visitas presenciales para la medici\u00f3n final e instalaci\u00f3n.<br>&#8211; En los Pa\u00edses Bajos, proporcionamos un presupuesto detallado y, una vez aprobado, el equipo de JASNO se encarga de la medici\u00f3n e instalaci\u00f3n.<\/p>\n\n\n\n<p class=\"has-text-align-left\"><strong>\u00bfCu\u00e1l es el tiempo de entrega de las mallorquinas JASNO?<br><\/strong>Pa\u00edses Bajos: Aproximadamente 12-14 semanas desde la confirmaci\u00f3n del pedido.<br>Espa\u00f1a: Aproximadamente 14-16 semanas, debido a la log\u00edstica local.<\/p>\n\n\n\n<p class=\"has-text-align-left\"><strong>\u00bfPuedo incluir las mallorquinas en mi hipoteca?<br><\/strong>S\u00ed, muchas entidades bancarias permiten incluir mallorquinas integradas en la financiaci\u00f3n de la vivienda, lo que tambi\u00e9n puede generar ventajas fiscales. Consulta con tu banco o asesor financiero para conocer los t\u00e9rminos espec\u00edficos.<\/p>\n\n\n\n<p class=\"has-text-align-left\"><strong>\u00bfLas mallorquinas tienen garant\u00eda?<br><\/strong>S\u00ed. Todas nuestras mallorquinas incluyen una garant\u00eda de 3 a\u00f1os, que cubre tanto el producto como la instalaci\u00f3n, asegurando una calidad duradera y total tranquilidad.<\/p>\n\n\n\n<p class=\"has-text-align-left\"><\/p>\n","protected":false},"excerpt":{"rendered":"<p>PREGUNTAS FRECUENTES SOBRE MALLORQUINAS \u00bfSe pueden instalar mallorquinas en ba\u00f1os?S\u00ed. Las mallorquinas JASNO est\u00e1n dise\u00f1adas para ser resistentes a la humedad, lo que las hace ideales para ambientes h\u00famedos como ba\u00f1os, cocinas y zonas de bienestar. Cont\u00e1ctanos para conocer las mejores opciones de persianas resistentes al agua. \u00bfTienen un showroom?No, operamos completamente online y no [&hellip;]<\/p>\n","protected":false},"author":1,"featured_media":1194,"parent":1222,"menu_order":40,"comment_status":"closed","ping_status":"closed","template":"","meta":{"_acf_changed":false,"footnotes":""},"class_list":["post-1311","page","type-page","status-publish","has-post-thumbnail","hentry"],"acf":[],"aioseo_notices":[],"_links":{"self":[{"href":"https:\/\/shutterexpert.nl\/es\/wp-json\/wp\/v2\/pages\/1311","targetHints":{"allow":["GET"]}}],"collection":[{"href":"https:\/\/shutterexpert.nl\/es\/wp-json\/wp\/v2\/pages"}],"about":[{"href":"https:\/\/shutterexpert.nl\/es\/wp-json\/wp\/v2\/types\/page"}],"author":[{"embeddable":true,"href":"https:\/\/shutterexpert.nl\/es\/wp-json\/wp\/v2\/users\/1"}],"replies":[{"embeddable":true,"href":"https:\/\/shutterexpert.nl\/es\/wp-json\/wp\/v2\/comments?post=1311"}],"version-history":[{"count":2,"href":"https:\/\/shutterexpert.nl\/es\/wp-json\/wp\/v2\/pages\/1311\/revisions"}],"predecessor-version":[{"id":1337,"href":"https:\/\/shutterexpert.nl\/es\/wp-json\/wp\/v2\/pages\/1311\/revisions\/1337"}],"up":[{"embeddable":true,"href":"https:\/\/shutterexpert.nl\/es\/wp-json\/wp\/v2\/pages\/1222"}],"wp:featuredmedia":[{"embeddable":true,"href":"https:\/\/shutterexpert.nl\/es\/wp-json\/wp\/v2\/media\/1194"}],"wp:attachment":[{"href":"https:\/\/shutterexpert.nl\/es\/wp-json\/wp\/v2\/media?parent=1311"}],"curies":[{"name":"wp","href":"https:\/\/api.w.org\/{rel}","templated":true}]}}