{"id":1262,"date":"2024-02-15T10:08:49","date_gmt":"2024-02-15T10:08:49","guid":{"rendered":"https:\/\/shutterexpert.nl\/shutters\/kunstof-shutters\/"},"modified":"2025-03-13T16:13:23","modified_gmt":"2025-03-13T16:13:23","slug":"mallorquinas-sinteticas","status":"publish","type":"page","link":"https:\/\/shutterexpert.nl\/es\/mallorquinas\/mallorquinas-sinteticas\/","title":{"rendered":"Mallorquinas Sint\u00e9ticas"},"content":{"rendered":"\n<h2 class=\"wp-block-heading has-text-align-left\">MALLORQUINAS SINT\u00c9TICAS DE JASNO<\/h2>\n\n\n\n<p class=\"has-text-align-left\">Las mallorquinas sint\u00e9ticas de JASNO con n\u00facleo de aluminio son la soluci\u00f3n perfecta para entornos h\u00famedos, como ba\u00f1os, cocinas, zonas de bienestar y piscinas. Combinan la elegancia atemporal de las mallorquinas tradicionales con la durabilidad y resistencia al agua de materiales sint\u00e9ticos de alta calidad, ofreciendo una fusi\u00f3n perfecta de estilo y funcionalidad.<\/p>\n\n\n\n<p class=\"has-text-align-left\">Disponibles en diferentes tama\u00f1os de lama y colores, las mallorquinas sint\u00e9ticas de JASNO est\u00e1n dise\u00f1adas para complementar cualquier hogar, proporcionando fortaleza excepcional y un dise\u00f1o moderno y sofisticado.<\/p>\n\n\n\n<h2 class=\"wp-block-heading has-text-align-left\">VENTAJAS DE LAS MALLORQUINAS SINT\u00c9TICAS JASNO<\/h2>\n\n\n\n<p class=\"has-text-align-left\">&#8211; Resistentes al agua y a la humedad \u2013 Ideales para cocinas, ba\u00f1os y zonas de bienestar.<br>&#8211; Dise\u00f1o con bisagras ocultas \u2013 Aspecto moderno y uniforme con una alineaci\u00f3n precisa de los paneles.<br>&#8211; N\u00facleo reforzado con aluminio \u2013 Mayor durabilidad y estructura estable con un dise\u00f1o elegante.<br>&#8211; F\u00e1ciles de limpiar \u2013 Un simple pa\u00f1o de microfibra o Swiffer elimina el polvo; las manchas se pueden limpiar con un pa\u00f1o h\u00famedo.<br>&#8211; Fabricadas a medida \u2013 Ajuste perfecto seg\u00fan las dimensiones de tu ventana.<br>&#8211; Amplia gama de colores \u2013 Disponibles en tonos de las paletas RAL Classic, F&amp;B y NCS.<\/p>\n\n\n\n<p class=\"has-text-align-left\">\u00bfBuscas una opci\u00f3n a\u00fan m\u00e1s duradera y de bajo mantenimiento? Las persianas Aqualine de JASNO ofrecen una soluci\u00f3n completamente resistente al agua, perfectas para zonas de alta humedad con un dise\u00f1o elegante y contempor\u00e1neo.<\/p>\n","protected":false},"excerpt":{"rendered":"<p>MALLORQUINAS SINT\u00c9TICAS DE JASNO Las mallorquinas sint\u00e9ticas de JASNO con n\u00facleo de aluminio son la soluci\u00f3n perfecta para entornos h\u00famedos, como ba\u00f1os, cocinas, zonas de bienestar y piscinas. Combinan la elegancia atemporal de las mallorquinas tradicionales con la durabilidad y resistencia al agua de materiales sint\u00e9ticos de alta calidad, ofreciendo una fusi\u00f3n perfecta de estilo [&hellip;]<\/p>\n","protected":false},"author":1,"featured_media":1263,"parent":1222,"menu_order":15,"comment_status":"closed","ping_status":"closed","template":"product-page.php","meta":{"_acf_changed":false,"footnotes":""},"class_list":["post-1262","page","type-page","status-publish","has-post-thumbnail","hentry"],"acf":[],"aioseo_notices":[],"_links":{"self":[{"href":"https:\/\/shutterexpert.nl\/es\/wp-json\/wp\/v2\/pages\/1262","targetHints":{"allow":["GET"]}}],"collection":[{"href":"https:\/\/shutterexpert.nl\/es\/wp-json\/wp\/v2\/pages"}],"about":[{"href":"https:\/\/shutterexpert.nl\/es\/wp-json\/wp\/v2\/types\/page"}],"author":[{"embeddable":true,"href":"https:\/\/shutterexpert.nl\/es\/wp-json\/wp\/v2\/users\/1"}],"replies":[{"embeddable":true,"href":"https:\/\/shutterexpert.nl\/es\/wp-json\/wp\/v2\/comments?post=1262"}],"version-history":[{"count":2,"href":"https:\/\/shutterexpert.nl\/es\/wp-json\/wp\/v2\/pages\/1262\/revisions"}],"predecessor-version":[{"id":1290,"href":"https:\/\/shutterexpert.nl\/es\/wp-json\/wp\/v2\/pages\/1262\/revisions\/1290"}],"up":[{"embeddable":true,"href":"https:\/\/shutterexpert.nl\/es\/wp-json\/wp\/v2\/pages\/1222"}],"wp:featuredmedia":[{"embeddable":true,"href":"https:\/\/shutterexpert.nl\/es\/wp-json\/wp\/v2\/media\/1263"}],"wp:attachment":[{"href":"https:\/\/shutterexpert.nl\/es\/wp-json\/wp\/v2\/media?parent=1262"}],"curies":[{"name":"wp","href":"https:\/\/api.w.org\/{rel}","templated":true}]}}